{"id":31,"date":"2026-02-13T12:24:04","date_gmt":"2026-02-13T12:24:04","guid":{"rendered":"https:\/\/naturcontraste.wp.targx.io\/produto\/conjunto-de-escovas-e-acessorios-5-pecas\/"},"modified":"2026-02-13T17:02:48","modified_gmt":"2026-02-13T17:02:48","slug":"conjunto-de-escovas-e-acessorios-5-pecas","status":"publish","type":"product","link":"https:\/\/naturcontraste.wp.targx.io\/en\/product\/conjunto-de-escovas-e-acessorios-5-pecas\/","title":{"rendered":"CONJUNTO DE ESCOVAS E ACESSORIOS (5 pe\u00e7as)"},"content":{"rendered":"<p>Conjunto com uma escova de crina para sof\u00e1s, uma escova de crina redonda, um bico fino de 20,5cm, um suporte de parede para tubo extens\u00edvel e um clip suporte de acess\u00f3rios.<\/p>","protected":false},"excerpt":{"rendered":"<p>Conjunto com uma escova de crina para sof\u00e1s, uma escova de crina redonda, um bico fino de 20,5cm, um suporte<\/p>","protected":false},"featured_media":0,"comment_status":"open","ping_status":"closed","template":"","meta":{"_acf_changed":false},"product_brand":[],"product_cat":[19],"product_tag":[],"class_list":{"0":"post-31","1":"product","2":"type-product","3":"status-publish","5":"product_cat-escovas_e_acessorios","7":"first","8":"instock","9":"shipping-taxable","10":"purchasable","11":"product-type-simple"},"acf":[],"_links":{"self":[{"href":"https:\/\/naturcontraste.wp.targx.io\/en\/wp-json\/wp\/v2\/product\/31","targetHints":{"allow":["GET"]}}],"collection":[{"href":"https:\/\/naturcontraste.wp.targx.io\/en\/wp-json\/wp\/v2\/product"}],"about":[{"href":"https:\/\/naturcontraste.wp.targx.io\/en\/wp-json\/wp\/v2\/types\/product"}],"replies":[{"embeddable":true,"href":"https:\/\/naturcontraste.wp.targx.io\/en\/wp-json\/wp\/v2\/comments?post=31"}],"version-history":[{"count":1,"href":"https:\/\/naturcontraste.wp.targx.io\/en\/wp-json\/wp\/v2\/product\/31\/revisions"}],"predecessor-version":[{"id":114,"href":"https:\/\/naturcontraste.wp.targx.io\/en\/wp-json\/wp\/v2\/product\/31\/revisions\/114"}],"wp:attachment":[{"href":"https:\/\/naturcontraste.wp.targx.io\/en\/wp-json\/wp\/v2\/media?parent=31"}],"wp:term":[{"taxonomy":"product_brand","embeddable":true,"href":"https:\/\/naturcontraste.wp.targx.io\/en\/wp-json\/wp\/v2\/product_brand?post=31"},{"taxonomy":"product_cat","embeddable":true,"href":"https:\/\/naturcontraste.wp.targx.io\/en\/wp-json\/wp\/v2\/product_cat?post=31"},{"taxonomy":"product_tag","embeddable":true,"href":"https:\/\/naturcontraste.wp.targx.io\/en\/wp-json\/wp\/v2\/product_tag?post=31"}],"curies":[{"name":"wp","href":"https:\/\/api.w.org\/{rel}","templated":true}]}}