{"id":30,"date":"2026-02-13T12:24:04","date_gmt":"2026-02-13T12:24:04","guid":{"rendered":"https:\/\/naturcontraste.wp.targx.io\/produto\/colar-para-tubo-de-aspiracao-central\/"},"modified":"2026-02-13T17:03:21","modified_gmt":"2026-02-13T17:03:21","slug":"colar-para-tubo-de-aspiracao-central","status":"publish","type":"product","link":"https:\/\/naturcontraste.wp.targx.io\/en\/product\/colar-para-tubo-de-aspiracao-central\/","title":{"rendered":"COLAR PARA TUBO DE ASPIRA\u00c7\u00c3O CENTRAL"},"content":{"rendered":"<p>Acess\u00f3rio que permite tapar as imperfei\u00e7\u00f5es na parede em volta do tubo.<\/p>","protected":false},"excerpt":{"rendered":"<p>Acess\u00f3rio que permite tapar as imperfei\u00e7\u00f5es na parede em volta do tubo.<\/p>","protected":false},"featured_media":0,"comment_status":"open","ping_status":"closed","template":"","meta":{"_acf_changed":false},"product_brand":[],"product_cat":[18],"product_tag":[],"class_list":{"0":"post-30","1":"product","2":"type-product","3":"status-publish","5":"product_cat-material-pre-instalacao-aspiracaocentral","7":"first","8":"instock","9":"shipping-taxable","10":"purchasable","11":"product-type-simple"},"acf":[],"_links":{"self":[{"href":"https:\/\/naturcontraste.wp.targx.io\/en\/wp-json\/wp\/v2\/product\/30","targetHints":{"allow":["GET"]}}],"collection":[{"href":"https:\/\/naturcontraste.wp.targx.io\/en\/wp-json\/wp\/v2\/product"}],"about":[{"href":"https:\/\/naturcontraste.wp.targx.io\/en\/wp-json\/wp\/v2\/types\/product"}],"replies":[{"embeddable":true,"href":"https:\/\/naturcontraste.wp.targx.io\/en\/wp-json\/wp\/v2\/comments?post=30"}],"version-history":[{"count":0,"href":"https:\/\/naturcontraste.wp.targx.io\/en\/wp-json\/wp\/v2\/product\/30\/revisions"}],"wp:attachment":[{"href":"https:\/\/naturcontraste.wp.targx.io\/en\/wp-json\/wp\/v2\/media?parent=30"}],"wp:term":[{"taxonomy":"product_brand","embeddable":true,"href":"https:\/\/naturcontraste.wp.targx.io\/en\/wp-json\/wp\/v2\/product_brand?post=30"},{"taxonomy":"product_cat","embeddable":true,"href":"https:\/\/naturcontraste.wp.targx.io\/en\/wp-json\/wp\/v2\/product_cat?post=30"},{"taxonomy":"product_tag","embeddable":true,"href":"https:\/\/naturcontraste.wp.targx.io\/en\/wp-json\/wp\/v2\/product_tag?post=30"}],"curies":[{"name":"wp","href":"https:\/\/api.w.org\/{rel}","templated":true}]}}