{"id":29,"date":"2026-02-13T12:24:04","date_gmt":"2026-02-13T12:24:04","guid":{"rendered":"https:\/\/naturcontraste.wp.targx.io\/produto\/clip-suporte-para-3-acessorios\/"},"modified":"2026-02-13T12:24:04","modified_gmt":"2026-02-13T12:24:04","slug":"clip-suporte-para-3-acessorios","status":"publish","type":"product","link":"https:\/\/naturcontraste.wp.targx.io\/en\/product\/clip-suporte-para-3-acessorios\/","title":{"rendered":"CLIP SUPORTE PARA 3 ACESS\u00d3RIOS"},"content":{"rendered":"<p>Clip de encaixe ao tubo extens\u00edvel, para guardar acessorios mais pequenos, o bico fino, a escova redonda, a escova de sof\u00e1s, etc.<\/p>","protected":false},"excerpt":{"rendered":"<p>Clip de encaixe ao tubo extens\u00edvel, para guardar acessorios mais pequenos, o bico fino, a escova redonda, a escova de<\/p>","protected":false},"featured_media":0,"comment_status":"open","ping_status":"closed","template":"","meta":{"_acf_changed":false},"product_brand":[],"product_cat":[19],"product_tag":[],"class_list":{"0":"post-29","1":"product","2":"type-product","3":"status-publish","5":"product_cat-escovas_e_acessorios","7":"first","8":"instock","9":"shipping-taxable","10":"purchasable","11":"product-type-simple"},"acf":[],"_links":{"self":[{"href":"https:\/\/naturcontraste.wp.targx.io\/en\/wp-json\/wp\/v2\/product\/29","targetHints":{"allow":["GET"]}}],"collection":[{"href":"https:\/\/naturcontraste.wp.targx.io\/en\/wp-json\/wp\/v2\/product"}],"about":[{"href":"https:\/\/naturcontraste.wp.targx.io\/en\/wp-json\/wp\/v2\/types\/product"}],"replies":[{"embeddable":true,"href":"https:\/\/naturcontraste.wp.targx.io\/en\/wp-json\/wp\/v2\/comments?post=29"}],"version-history":[{"count":0,"href":"https:\/\/naturcontraste.wp.targx.io\/en\/wp-json\/wp\/v2\/product\/29\/revisions"}],"wp:attachment":[{"href":"https:\/\/naturcontraste.wp.targx.io\/en\/wp-json\/wp\/v2\/media?parent=29"}],"wp:term":[{"taxonomy":"product_brand","embeddable":true,"href":"https:\/\/naturcontraste.wp.targx.io\/en\/wp-json\/wp\/v2\/product_brand?post=29"},{"taxonomy":"product_cat","embeddable":true,"href":"https:\/\/naturcontraste.wp.targx.io\/en\/wp-json\/wp\/v2\/product_cat?post=29"},{"taxonomy":"product_tag","embeddable":true,"href":"https:\/\/naturcontraste.wp.targx.io\/en\/wp-json\/wp\/v2\/product_tag?post=29"}],"curies":[{"name":"wp","href":"https:\/\/api.w.org\/{rel}","templated":true}]}}