{"id":17,"date":"2026-02-13T12:20:38","date_gmt":"2026-02-13T12:20:38","guid":{"rendered":"https:\/\/naturcontraste.wp.targx.io\/carrinho\/"},"modified":"2026-02-13T12:20:38","modified_gmt":"2026-02-13T12:20:38","slug":"carrinho","status":"publish","type":"page","link":"https:\/\/naturcontraste.wp.targx.io\/en\/carrinho\/","title":{"rendered":"Carrinho"},"content":{"rendered":"<div data-block-name=\"woocommerce\/cart\" class=\"wp-block-woocommerce-cart alignwide is-loading\">\n<div data-block-name=\"woocommerce\/filled-cart-block\" class=\"wp-block-woocommerce-filled-cart-block\">\n<div data-block-name=\"woocommerce\/cart-items-block\" class=\"wp-block-woocommerce-cart-items-block\">\n<div data-block-name=\"woocommerce\/cart-line-items-block\" class=\"wp-block-woocommerce-cart-line-items-block\"><\/div>\n\n\n<\/div>\n\n\n\n\n<div data-block-name=\"woocommerce\/cart-totals-block\" class=\"wp-block-woocommerce-cart-totals-block\">\n<div data-block-name=\"woocommerce\/cart-order-summary-block\" class=\"wp-block-woocommerce-cart-order-summary-block\">\n<div data-block-name=\"woocommerce\/cart-order-summary-heading-block\" class=\"wp-block-woocommerce-cart-order-summary-heading-block\"><\/div><div data-block-name=\"woocommerce\/cart-order-summary-coupon-form-block\" class=\"wp-block-woocommerce-cart-order-summary-coupon-form-block\"><\/div><div data-block-name=\"woocommerce\/cart-order-summary-totals-block\" class=\"wp-block-woocommerce-cart-order-summary-totals-block\">\n<div data-block-name=\"woocommerce\/cart-order-summary-subtotal-block\" class=\"wp-block-woocommerce-cart-order-summary-subtotal-block\"><\/div>\n<div data-block-name=\"woocommerce\/cart-order-summary-discount-block\" class=\"wp-block-woocommerce-cart-order-summary-discount-block\"><\/div>\n<div data-block-name=\"woocommerce\/cart-order-summary-fee-block\" class=\"wp-block-woocommerce-cart-order-summary-fee-block\"><\/div>\n<div data-block-name=\"woocommerce\/cart-order-summary-shipping-block\" class=\"wp-block-woocommerce-cart-order-summary-shipping-block\"><\/div>\n<div data-block-name=\"woocommerce\/cart-order-summary-taxes-block\" class=\"wp-block-woocommerce-cart-order-summary-taxes-block\"><\/div><\/div>\n<\/div>\n\n\n\n<div data-block-name=\"woocommerce\/cart-express-payment-block\" class=\"wp-block-woocommerce-cart-express-payment-block\"><\/div>\n\n\n\n<div data-block-name=\"woocommerce\/proceed-to-checkout-block\" class=\"wp-block-woocommerce-proceed-to-checkout-block\"><\/div>\n\n\n\n<div data-block-name=\"woocommerce\/cart-accepted-payment-methods-block\" class=\"wp-block-woocommerce-cart-accepted-payment-methods-block\"><\/div>\n<\/div>\n<\/div>\n\n\n\n<div data-block-name=\"woocommerce\/empty-cart-block\" class=\"wp-block-woocommerce-empty-cart-block\">\n<h2 class=\"wp-block-heading has-text-align-center with-empty-cart-icon wc-block-cart__empty-cart__title\">O seu carrinho est\u00e1 vazio!<\/h2>\n\n\n\n<hr class=\"wp-block-separator has-alpha-channel-opacity is-style-dots\"\/>\n\n\n\n<h2 class=\"wp-block-heading has-text-align-center\">Novo na loja<\/h2>\n\n\n<div data-block-name=\"woocommerce\/product-new\" data-columns=\"4\" data-rows=\"1\" class=\"wc-block-grid wp-block-product-new wp-block-woocommerce-product-new wc-block-product-new has-4-columns\"><ul class=\"wc-block-grid__products\"><li class=\"wc-block-grid__product\">\n\t\t\t\t<a href=\"https:\/\/naturcontraste.wp.targx.io\/en\/product\/uniao-com-batente-ff-o51mm\/\" class=\"wc-block-grid__product-link\">\n\t\t\t\t\t\n\t\t\t\t\t<div class=\"wc-block-grid__product-image\"><img loading=\"lazy\" decoding=\"async\" width=\"430\" height=\"430\" src=\"https:\/\/naturcontraste.wp.targx.io\/wp-content\/uploads\/woocommerce-placeholder-600x600.webp\" class=\"woocommerce-placeholder wp-post-image\" alt=\"\" srcset=\"https:\/\/naturcontraste.wp.targx.io\/wp-content\/uploads\/woocommerce-placeholder-600x600.webp 600w, https:\/\/naturcontraste.wp.targx.io\/wp-content\/uploads\/woocommerce-placeholder-300x300.webp 300w, https:\/\/naturcontraste.wp.targx.io\/wp-content\/uploads\/woocommerce-placeholder-1024x1024.webp 1024w, https:\/\/naturcontraste.wp.targx.io\/wp-content\/uploads\/woocommerce-placeholder-150x150.webp 150w, https:\/\/naturcontraste.wp.targx.io\/wp-content\/uploads\/woocommerce-placeholder-768x768.webp 768w, https:\/\/naturcontraste.wp.targx.io\/wp-content\/uploads\/woocommerce-placeholder-12x12.webp 12w, https:\/\/naturcontraste.wp.targx.io\/wp-content\/uploads\/woocommerce-placeholder.webp 1200w\" sizes=\"auto, (max-width: 430px) 100vw, 430px\" \/><\/div>\n\t\t\t\t\t<div class=\"wc-block-grid__product-title\">UNI\u00c3O COM BATENTE FF \u00d851mm<\/div>\n\t\t\t\t<\/a>\n\t\t\t\t<div class=\"wc-block-grid__product-price price\"><span class=\"woocommerce-Price-amount amount\">1,00&nbsp;<span class=\"woocommerce-Price-currencySymbol\">&euro;<\/span><\/span><\/div>\n\t\t\t\t\n\t\t\t\t<div class=\"wp-block-button wc-block-grid__product-add-to-cart\"><a href=\"\/en\/wp-json\/wp\/v2\/pages\/17?add-to-cart=99\" aria-label=\"Add to basket: \u201cUNI\u00c3O COM BATENTE FF \u00d851mm\u201d\" data-quantity=\"1\" data-product_id=\"99\" data-product_sku=\"\" data-price=\"1\" rel=\"nofollow\" class=\"wp-block-button__link  add_to_cart_button ajax_add_to_cart\" data-no-translation=\"\" data-trp-gettext=\"\" data-no-translation-aria-label=\"\">Add to basket<\/a><\/div>\n\t\t\t<\/li><li class=\"wc-block-grid__product\">\n\t\t\t\t<a href=\"https:\/\/naturcontraste.wp.targx.io\/en\/product\/tubo-extensivel-cromado\/\" class=\"wc-block-grid__product-link\">\n\t\t\t\t\t\n\t\t\t\t\t<div class=\"wc-block-grid__product-image\"><img loading=\"lazy\" decoding=\"async\" width=\"430\" height=\"430\" src=\"https:\/\/naturcontraste.wp.targx.io\/wp-content\/uploads\/woocommerce-placeholder-600x600.webp\" class=\"woocommerce-placeholder wp-post-image\" alt=\"\" srcset=\"https:\/\/naturcontraste.wp.targx.io\/wp-content\/uploads\/woocommerce-placeholder-600x600.webp 600w, https:\/\/naturcontraste.wp.targx.io\/wp-content\/uploads\/woocommerce-placeholder-300x300.webp 300w, https:\/\/naturcontraste.wp.targx.io\/wp-content\/uploads\/woocommerce-placeholder-1024x1024.webp 1024w, https:\/\/naturcontraste.wp.targx.io\/wp-content\/uploads\/woocommerce-placeholder-150x150.webp 150w, https:\/\/naturcontraste.wp.targx.io\/wp-content\/uploads\/woocommerce-placeholder-768x768.webp 768w, https:\/\/naturcontraste.wp.targx.io\/wp-content\/uploads\/woocommerce-placeholder-12x12.webp 12w, https:\/\/naturcontraste.wp.targx.io\/wp-content\/uploads\/woocommerce-placeholder.webp 1200w\" sizes=\"auto, (max-width: 430px) 100vw, 430px\" \/><\/div>\n\t\t\t\t\t<div class=\"wc-block-grid__product-title\">TUBO EXTENS\u00cdVEL CROMADO<\/div>\n\t\t\t\t<\/a>\n\t\t\t\t<div class=\"wc-block-grid__product-price price\"><span class=\"woocommerce-Price-amount amount\">1,00&nbsp;<span class=\"woocommerce-Price-currencySymbol\">&euro;<\/span><\/span><\/div>\n\t\t\t\t\n\t\t\t\t<div class=\"wp-block-button wc-block-grid__product-add-to-cart\"><a href=\"\/en\/wp-json\/wp\/v2\/pages\/17?add-to-cart=98\" aria-label=\"Add to basket: \u201cTUBO EXTENS\u00cdVEL CROMADO\u201d\" data-quantity=\"1\" data-product_id=\"98\" data-product_sku=\"\" data-price=\"1\" rel=\"nofollow\" class=\"wp-block-button__link  add_to_cart_button ajax_add_to_cart\" data-no-translation=\"\" data-trp-gettext=\"\" data-no-translation-aria-label=\"\">Add to basket<\/a><\/div>\n\t\t\t<\/li><li class=\"wc-block-grid__product\">\n\t\t\t\t<a href=\"https:\/\/naturcontraste.wp.targx.io\/en\/product\/tubo-extensivel-aluminio\/\" class=\"wc-block-grid__product-link\">\n\t\t\t\t\t\n\t\t\t\t\t<div class=\"wc-block-grid__product-image\"><img loading=\"lazy\" decoding=\"async\" width=\"430\" height=\"430\" src=\"https:\/\/naturcontraste.wp.targx.io\/wp-content\/uploads\/woocommerce-placeholder-600x600.webp\" class=\"woocommerce-placeholder wp-post-image\" alt=\"\" srcset=\"https:\/\/naturcontraste.wp.targx.io\/wp-content\/uploads\/woocommerce-placeholder-600x600.webp 600w, https:\/\/naturcontraste.wp.targx.io\/wp-content\/uploads\/woocommerce-placeholder-300x300.webp 300w, https:\/\/naturcontraste.wp.targx.io\/wp-content\/uploads\/woocommerce-placeholder-1024x1024.webp 1024w, https:\/\/naturcontraste.wp.targx.io\/wp-content\/uploads\/woocommerce-placeholder-150x150.webp 150w, https:\/\/naturcontraste.wp.targx.io\/wp-content\/uploads\/woocommerce-placeholder-768x768.webp 768w, https:\/\/naturcontraste.wp.targx.io\/wp-content\/uploads\/woocommerce-placeholder-12x12.webp 12w, https:\/\/naturcontraste.wp.targx.io\/wp-content\/uploads\/woocommerce-placeholder.webp 1200w\" sizes=\"auto, (max-width: 430px) 100vw, 430px\" \/><\/div>\n\t\t\t\t\t<div class=\"wc-block-grid__product-title\">TUBO EXTENS\u00cdVEL ALUM\u00cdNIO<\/div>\n\t\t\t\t<\/a>\n\t\t\t\t<div class=\"wc-block-grid__product-price price\"><span class=\"woocommerce-Price-amount amount\">1,00&nbsp;<span class=\"woocommerce-Price-currencySymbol\">&euro;<\/span><\/span><\/div>\n\t\t\t\t\n\t\t\t\t<div class=\"wp-block-button wc-block-grid__product-add-to-cart\"><a href=\"\/en\/wp-json\/wp\/v2\/pages\/17?add-to-cart=97\" aria-label=\"Add to basket: \u201cTUBO EXTENS\u00cdVEL ALUM\u00cdNIO\u201d\" data-quantity=\"1\" data-product_id=\"97\" data-product_sku=\"\" data-price=\"1\" rel=\"nofollow\" class=\"wp-block-button__link  add_to_cart_button ajax_add_to_cart\" data-no-translation=\"\" data-trp-gettext=\"\" data-no-translation-aria-label=\"\">Add to basket<\/a><\/div>\n\t\t\t<\/li><li class=\"wc-block-grid__product\">\n\t\t\t\t<a href=\"https:\/\/naturcontraste.wp.targx.io\/en\/product\/tubo-aspiracao-central-pvc-o51mm\/\" class=\"wc-block-grid__product-link\">\n\t\t\t\t\t\n\t\t\t\t\t<div class=\"wc-block-grid__product-image\"><img loading=\"lazy\" decoding=\"async\" width=\"430\" height=\"430\" src=\"https:\/\/naturcontraste.wp.targx.io\/wp-content\/uploads\/2026\/02\/Tubo_aspiracao-O51mm-1920x1920-2-600x600.jpg\" class=\"attachment-woocommerce_thumbnail size-woocommerce_thumbnail\" alt=\"TUBO ASPIRA\u00c7\u00c3O CENTRAL PVC \u00d851mm\" srcset=\"https:\/\/naturcontraste.wp.targx.io\/wp-content\/uploads\/2026\/02\/Tubo_aspiracao-O51mm-1920x1920-2-600x600.jpg 600w, https:\/\/naturcontraste.wp.targx.io\/wp-content\/uploads\/2026\/02\/Tubo_aspiracao-O51mm-1920x1920-2-300x300.jpg 300w, https:\/\/naturcontraste.wp.targx.io\/wp-content\/uploads\/2026\/02\/Tubo_aspiracao-O51mm-1920x1920-2-1024x1024.jpg 1024w, https:\/\/naturcontraste.wp.targx.io\/wp-content\/uploads\/2026\/02\/Tubo_aspiracao-O51mm-1920x1920-2-150x150.jpg 150w, https:\/\/naturcontraste.wp.targx.io\/wp-content\/uploads\/2026\/02\/Tubo_aspiracao-O51mm-1920x1920-2-768x768.jpg 768w, https:\/\/naturcontraste.wp.targx.io\/wp-content\/uploads\/2026\/02\/Tubo_aspiracao-O51mm-1920x1920-2-1536x1536.jpg 1536w, https:\/\/naturcontraste.wp.targx.io\/wp-content\/uploads\/2026\/02\/Tubo_aspiracao-O51mm-1920x1920-2-12x12.jpg 12w, https:\/\/naturcontraste.wp.targx.io\/wp-content\/uploads\/2026\/02\/Tubo_aspiracao-O51mm-1920x1920-2.jpg 1920w\" sizes=\"auto, (max-width: 430px) 100vw, 430px\" \/><\/div>\n\t\t\t\t\t<div class=\"wc-block-grid__product-title\">TUBO ASPIRA\u00c7\u00c3O CENTRAL PVC \u00d851mm<\/div>\n\t\t\t\t<\/a>\n\t\t\t\t<div class=\"wc-block-grid__product-price price\"><span class=\"woocommerce-Price-amount amount\">1,00&nbsp;<span class=\"woocommerce-Price-currencySymbol\">&euro;<\/span><\/span><\/div>\n\t\t\t\t\n\t\t\t\t<div class=\"wp-block-button wc-block-grid__product-add-to-cart\"><a href=\"\/en\/wp-json\/wp\/v2\/pages\/17?add-to-cart=96\" aria-label=\"Add to basket: \u201cTUBO ASPIRA\u00c7\u00c3O CENTRAL PVC \u00d851mm\u201d\" data-quantity=\"1\" data-product_id=\"96\" data-product_sku=\"\" data-price=\"1\" rel=\"nofollow\" class=\"wp-block-button__link  add_to_cart_button ajax_add_to_cart\" data-no-translation=\"\" data-trp-gettext=\"\" data-no-translation-aria-label=\"\">Add to basket<\/a><\/div>\n\t\t\t<\/li><\/ul><\/div><\/div>\n<\/div>","protected":false},"excerpt":{"rendered":"","protected":false},"author":1,"featured_media":0,"parent":0,"menu_order":0,"comment_status":"closed","ping_status":"closed","template":"","meta":{"_acf_changed":false,"footnotes":""},"class_list":["post-17","page","type-page","status-publish","hentry"],"acf":[],"_links":{"self":[{"href":"https:\/\/naturcontraste.wp.targx.io\/en\/wp-json\/wp\/v2\/pages\/17","targetHints":{"allow":["GET"]}}],"collection":[{"href":"https:\/\/naturcontraste.wp.targx.io\/en\/wp-json\/wp\/v2\/pages"}],"about":[{"href":"https:\/\/naturcontraste.wp.targx.io\/en\/wp-json\/wp\/v2\/types\/page"}],"author":[{"embeddable":true,"href":"https:\/\/naturcontraste.wp.targx.io\/en\/wp-json\/wp\/v2\/users\/1"}],"replies":[{"embeddable":true,"href":"https:\/\/naturcontraste.wp.targx.io\/en\/wp-json\/wp\/v2\/comments?post=17"}],"version-history":[{"count":0,"href":"https:\/\/naturcontraste.wp.targx.io\/en\/wp-json\/wp\/v2\/pages\/17\/revisions"}],"wp:attachment":[{"href":"https:\/\/naturcontraste.wp.targx.io\/en\/wp-json\/wp\/v2\/media?parent=17"}],"curies":[{"name":"wp","href":"https:\/\/api.w.org\/{rel}","templated":true}]}}